{"id":1078,"date":"2017-11-12T02:16:48","date_gmt":"2017-11-12T02:16:48","guid":{"rendered":"http:\/\/travel.chipmunk.ch\/?page_id=1078"},"modified":"2021-01-01T16:25:37","modified_gmt":"2021-01-01T16:25:37","slug":"home","status":"publish","type":"page","link":"https:\/\/travel2.chipmunk.ch\/","title":{"rendered":"Home"},"content":{"rendered":"\n<h1>Welcome<\/h1>\n<p>~ J.R.R. Tolkien ~<\/p>\n<p>&nbsp;<\/p>\n\t<h2>Latest Adventures<\/h2>\n\t<div class=\"wpspw-slider-wrp \">\r\n\t\t<div id=\"wpspw-slider-1\" class=\"sp_wpspwpost_slider wpspw-design-1\">\r\n\r\n\t\t\t<div class=\"wpspw-post-slides\">\r\n\t<div class=\"wpspw-post-content-position\">\r\n\t\t<div class=\"wpspw-post-content-left wpspw-medium-8 wpspw-columns\">\r\n\t\t\t\r\n\t\t\t<h2 class=\"wpspw-post-title\">\r\n\t\t\t\t<a href=\"https:\/\/travel2.chipmunk.ch\/?p=1729\">The Great Barrier Reef<\/a>\r\n\t\t\t<\/h2>\r\n\r\n\t\t\t\t\t\t\t<div class=\"wpspw-post-date\">\r\n\t\t\t\t\t <span>By <a href=\"https:\/\/travel2.chipmunk.ch\/?author=2\">Sabrina<\/a><\/span>\t\t\t\t\t&nbsp;\/&nbsp;\t\t\t\t\t27. August 2018\t\t\t\t<\/div>\r\n\t\t\t\t\t\t\t<div class=\"wpspw-post-content\">\r\n\t\t\t\t\t<div>Jeder, der es schon mal gesehen hat, schw\u00e4rmt davon - das, was man auf seiner Australien Reise unbedingt machen m\u00fcsse...<\/div>\r\n\t\t\t\t\t<a class=\"wpspw-readmorebtn\" href=\"https:\/\/travel2.chipmunk.ch\/?p=1729\">Read More<\/a>\r\n\t\t\t\t<\/div>\r\n\r\n\t\t\t\t\t\t\r\n\t\t\t\t\t<\/div>\r\n\r\n\t\t<div class=\"wpspw-post-image-bg\">\r\n\t\t\t\t\t\t\t<a href=\"https:\/\/travel2.chipmunk.ch\/?p=1729\">\r\n\t\t\t\t\t<img  src=\"https:\/\/travel2.chipmunk.ch\/wp-content\/uploads\/2018\/08\/snorkelling.jpg\" alt=\"The Great Barrier Reef\" \/>\r\n\t\t\t\t<\/a>\r\n\t\t\t\t\t<\/div>\r\n\t<\/div>\r\n<\/div><div class=\"wpspw-post-slides\">\r\n\t<div class=\"wpspw-post-content-position\">\r\n\t\t<div class=\"wpspw-post-content-left wpspw-medium-8 wpspw-columns\">\r\n\t\t\t\r\n\t\t\t<h2 class=\"wpspw-post-title\">\r\n\t\t\t\t<a href=\"https:\/\/travel2.chipmunk.ch\/?p=1683\">A new chapter<\/a>\r\n\t\t\t<\/h2>\r\n\r\n\t\t\t\t\t\t\t<div class=\"wpspw-post-date\">\r\n\t\t\t\t\t <span>By <a href=\"https:\/\/travel2.chipmunk.ch\/?author=2\">Sabrina<\/a><\/span>\t\t\t\t\t&nbsp;\/&nbsp;\t\t\t\t\t17. August 2018\t\t\t\t<\/div>\r\n\t\t\t\t\t\t\t<div class=\"wpspw-post-content\">\r\n\t\t\t\t\t<div>\"Welcome to Sydney\" begr\u00fcsste mich ein Schild grosses Schild in der Eingangshalle des Syneyer Flughafens. Nach viereinhalb Stunden Flugzeit erreichte...<\/div>\r\n\t\t\t\t\t<a class=\"wpspw-readmorebtn\" href=\"https:\/\/travel2.chipmunk.ch\/?p=1683\">Read More<\/a>\r\n\t\t\t\t<\/div>\r\n\r\n\t\t\t\t\t\t\r\n\t\t\t\t\t<\/div>\r\n\r\n\t\t<div class=\"wpspw-post-image-bg\">\r\n\t\t\t\t\t\t\t<a href=\"https:\/\/travel2.chipmunk.ch\/?p=1683\">\r\n\t\t\t\t\t<img  src=\"https:\/\/travel2.chipmunk.ch\/wp-content\/uploads\/2018\/08\/Beitragsbild_new-Chapter.jpg\" alt=\"A new chapter\" \/>\r\n\t\t\t\t<\/a>\r\n\t\t\t\t\t<\/div>\r\n\t<\/div>\r\n<\/div><div class=\"wpspw-post-slides\">\r\n\t<div class=\"wpspw-post-content-position\">\r\n\t\t<div class=\"wpspw-post-content-left wpspw-medium-8 wpspw-columns\">\r\n\t\t\t\r\n\t\t\t<h2 class=\"wpspw-post-title\">\r\n\t\t\t\t<a href=\"https:\/\/travel2.chipmunk.ch\/?p=1642\">Winter in Wellington<\/a>\r\n\t\t\t<\/h2>\r\n\r\n\t\t\t\t\t\t\t<div class=\"wpspw-post-date\">\r\n\t\t\t\t\t <span>By <a href=\"https:\/\/travel2.chipmunk.ch\/?author=2\">Sabrina<\/a><\/span>\t\t\t\t\t&nbsp;\/&nbsp;\t\t\t\t\t6. August 2018\t\t\t\t<\/div>\r\n\t\t\t\t\t\t\t<div class=\"wpspw-post-content\">\r\n\t\t\t\t\t<div>Es ist nicht umsonst, dass Wellington auch \"Windy Wellington\" genannt wird. Ich wollte es am Anfang nicht wirklich wahrhaben, aber...<\/div>\r\n\t\t\t\t\t<a class=\"wpspw-readmorebtn\" href=\"https:\/\/travel2.chipmunk.ch\/?p=1642\">Read More<\/a>\r\n\t\t\t\t<\/div>\r\n\r\n\t\t\t\t\t\t\r\n\t\t\t\t\t<\/div>\r\n\r\n\t\t<div class=\"wpspw-post-image-bg\">\r\n\t\t\t\t\t\t\t<a href=\"https:\/\/travel2.chipmunk.ch\/?p=1642\">\r\n\t\t\t\t\t<img  src=\"https:\/\/travel2.chipmunk.ch\/wp-content\/uploads\/2018\/08\/wellington.jpg\" alt=\"Winter in Wellington\" \/>\r\n\t\t\t\t<\/a>\r\n\t\t\t\t\t<\/div>\r\n\t<\/div>\r\n<\/div><div class=\"wpspw-post-slides\">\r\n\t<div class=\"wpspw-post-content-position\">\r\n\t\t<div class=\"wpspw-post-content-left wpspw-medium-8 wpspw-columns\">\r\n\t\t\t\r\n\t\t\t<h2 class=\"wpspw-post-title\">\r\n\t\t\t\t<a href=\"https:\/\/travel2.chipmunk.ch\/?p=1635\">New Plymouth<\/a>\r\n\t\t\t<\/h2>\r\n\r\n\t\t\t\t\t\t\t<div class=\"wpspw-post-date\">\r\n\t\t\t\t\t <span>By <a href=\"https:\/\/travel2.chipmunk.ch\/?author=2\">Sabrina<\/a><\/span>\t\t\t\t\t&nbsp;\/&nbsp;\t\t\t\t\t5. August 2018\t\t\t\t<\/div>\r\n\t\t\t\t\t\t\t<div class=\"wpspw-post-content\">\r\n\t\t\t\t\t<div>Am Wochenende darauf hatten Sandra und ich wieder grosse Pl\u00e4ne. Wir fuhren n\u00e4mlich f\u00fcr ein Wochenende nach New Plymouth. Am...<\/div>\r\n\t\t\t\t\t<a class=\"wpspw-readmorebtn\" href=\"https:\/\/travel2.chipmunk.ch\/?p=1635\">Read More<\/a>\r\n\t\t\t\t<\/div>\r\n\r\n\t\t\t\t\t\t\r\n\t\t\t\t\t<\/div>\r\n\r\n\t\t<div class=\"wpspw-post-image-bg\">\r\n\t\t\t\t\t\t\t<a href=\"https:\/\/travel2.chipmunk.ch\/?p=1635\">\r\n\t\t\t\t\t<img  src=\"https:\/\/travel2.chipmunk.ch\/wp-content\/uploads\/2018\/08\/Beitragsbild_NewPlymouth.png\" alt=\"New Plymouth\" \/>\r\n\t\t\t\t<\/a>\r\n\t\t\t\t\t<\/div>\r\n\t<\/div>\r\n<\/div><div class=\"wpspw-post-slides\">\r\n\t<div class=\"wpspw-post-content-position\">\r\n\t\t<div class=\"wpspw-post-content-left wpspw-medium-8 wpspw-columns\">\r\n\t\t\t\r\n\t\t\t<h2 class=\"wpspw-post-title\">\r\n\t\t\t\t<a href=\"https:\/\/travel2.chipmunk.ch\/?p=1541\">Wieder in Wellington<\/a>\r\n\t\t\t<\/h2>\r\n\r\n\t\t\t\t\t\t\t<div class=\"wpspw-post-date\">\r\n\t\t\t\t\t <span>By <a href=\"https:\/\/travel2.chipmunk.ch\/?author=2\">Sabrina<\/a><\/span>\t\t\t\t\t&nbsp;\/&nbsp;\t\t\t\t\t3. August 2018\t\t\t\t<\/div>\r\n\t\t\t\t\t\t\t<div class=\"wpspw-post-content\">\r\n\t\t\t\t\t<div>In meinen Ferien hatte ich mir eines vorgenommen: Ich w\u00fcrde mich nicht mehr selber ausgrenzen. Vor meinen Ferien, hatte ich...<\/div>\r\n\t\t\t\t\t<a class=\"wpspw-readmorebtn\" href=\"https:\/\/travel2.chipmunk.ch\/?p=1541\">Read More<\/a>\r\n\t\t\t\t<\/div>\r\n\r\n\t\t\t\t\t\t\r\n\t\t\t\t\t<\/div>\r\n\r\n\t\t<div class=\"wpspw-post-image-bg\">\r\n\t\t\t\t\t\t\t<a href=\"https:\/\/travel2.chipmunk.ch\/?p=1541\">\r\n\t\t\t\t\t<img  src=\"https:\/\/travel2.chipmunk.ch\/wp-content\/uploads\/2018\/08\/Beitragsbild_BacktoWelly.png\" alt=\"Wieder in Wellington\" \/>\r\n\t\t\t\t<\/a>\r\n\t\t\t\t\t<\/div>\r\n\t<\/div>\r\n<\/div>\t\t<\/div>\r\n\t\t<div class=\"wpspw-slider-conf\">{&quot;slides_column&quot;:1,&quot;slides_scroll&quot;:1,&quot;dots&quot;:&quot;true&quot;,&quot;arrows&quot;:&quot;true&quot;,&quot;autoplay&quot;:&quot;true&quot;,&quot;autoplay_interval&quot;:2000,&quot;speed&quot;:&quot;2000&quot;,&quot;lazyload&quot;:&quot;&quot;}<\/div>\r\n\t<\/div><!-- end .wpspw-slider-wrp -->\r\n\r\n\n\t<h2>On trip since<\/h2>\n\t\r\n\t<div id=\"nz2\" style=\"width: 100%;\" data-date=\"2017-11-10 07:00:00\"><\/div>\r\n\t\r\n\t<script type=\"text\/javascript\">\r\n\t\tjQuery(\"#nz2\").TimeCircles({\r\n\t\t\t\"animation\": \"smooth\",\r\n\t\t\t\t\t\t\t\"bg_width\": 0.2,\r\n\t\t\t\t\"fg_width\": 0.043333333333333335,\r\n\t\t\t\t\t\t\"circle_bg_color\": \"#E2E2E2\",\r\n\t\t\t\"time\": {\r\n\t\t\t\t\"Days\": {\r\n\t\t\t\t\t\"text\": \"Days\",\r\n\t\t\t\t\t\"color\": \"#9ace00\",\r\n\t\t\t\t\t\"show\": 1\t\t\t\t},\r\n\t\t\t\t\"Hours\": {\r\n\t\t\t\t\t\"text\": \"Hours\",\r\n\t\t\t\t\t\"color\": \"#9ace00\",\r\n\t\t\t\t\t\"show\": 1\t\t\t\t},\r\n\t\t\t\t\"Minutes\": {\r\n\t\t\t\t\t\"text\": \"Minutes\",\r\n\t\t\t\t\t\"color\": \"#9ace00\",\r\n\t\t\t\t\t\"show\": 1\t\t\t\t},\r\n\t\t\t\t\"Seconds\": {\r\n\t\t\t\t\t\"text\": \"Seconds\",\r\n\t\t\t\t\t\"color\": \"#9ace00\",\r\n\t\t\t\t\t\"show\": 1\t\t\t\t}\r\n\t\t\t}\r\n\t\t});\r\n\t<\/script>\r\n\t\r\n\n\t<h2>Newsletter Abonnieren<\/h2>\n  \n  \n  <div class=\"\n    mailpoet_form_popup_overlay\n      \"><\/div>\n  <div\n    id=\"mailpoet_form_1\"\n    class=\"\n      mailpoet_form\n      mailpoet_form_shortcode\n      mailpoet_form_position_\n      mailpoet_form_animation_\n    \"\n      >\n        <style type=\"text\/css\">.mailpoet_hp_email_label{display:none!important;}#mailpoet_form_1 .mailpoet_form {  }\n#mailpoet_form_1 .mailpoet_paragraph { line-height: 20px; }\n#mailpoet_form_1 .mailpoet_segment_label, #mailpoet_form_1 .mailpoet_text_label, #mailpoet_form_1 .mailpoet_textarea_label, #mailpoet_form_1 .mailpoet_select_label, #mailpoet_form_1 .mailpoet_radio_label, #mailpoet_form_1 .mailpoet_checkbox_label, #mailpoet_form_1 .mailpoet_list_label, #mailpoet_form_1 .mailpoet_date_label { display: block; font-weight: bold; }\n#mailpoet_form_1 .mailpoet_text, #mailpoet_form_1 .mailpoet_textarea, #mailpoet_form_1 .mailpoet_select, #mailpoet_form_1 .mailpoet_date_month, #mailpoet_form_1 .mailpoet_date_day, #mailpoet_form_1 .mailpoet_date_year, #mailpoet_form_1 .mailpoet_date { display: block; }\n#mailpoet_form_1 .mailpoet_text, #mailpoet_form_1 .mailpoet_textarea { width: 200px; }\n#mailpoet_form_1 .mailpoet_checkbox {  }\n#mailpoet_form_1 .mailpoet_submit input {  }\n#mailpoet_form_1 .mailpoet_divider {  }\n#mailpoet_form_1 .mailpoet_message {  }\n#mailpoet_form_1 .mailpoet_validate_success { color: #468847; }\n#mailpoet_form_1 .mailpoet_validate_error { color: #b94a48; }#mailpoet_form_1{;}#mailpoet_form_1 .mailpoet_message {margin: 0; padding: 0 20px;}#mailpoet_form_1 .mailpoet_paragraph.last {margin-bottom: 0} @media (max-width: 500px) {#mailpoet_form_1 {background-image: none;}} @media (min-width: 500px) {#mailpoet_form_1 .last .mailpoet_paragraph:last-child {margin-bottom: 0}}  @media (max-width: 500px) {#mailpoet_form_1 .mailpoet_form_column:last-child .mailpoet_paragraph:last-child {margin-bottom: 0}} <\/style>\n    <form\n      target=\"_self\"\n      method=\"post\"\n      action=\"https:\/\/travel2.chipmunk.ch\/wp-admin\/admin-post.php?action=mailpoet_subscription_form\"\n      class=\"mailpoet_form mailpoet_form_form mailpoet_form_shortcode\"\n      novalidate\n      data-delay=\"\"\n      data-exit-intent-enabled=\"\"\n      data-font-family=\"\"\n    >\n      <input type=\"hidden\" name=\"data[form_id]\" value=\"1\" \/>\n      <input type=\"hidden\" name=\"token\" value=\"d901f6807f\" \/>\n      <input type=\"hidden\" name=\"api_version\" value=\"v1\" \/>\n      <input type=\"hidden\" name=\"endpoint\" value=\"subscribers\" \/>\n      <input type=\"hidden\" name=\"mailpoet_method\" value=\"subscribe\" \/>\n\n      <label class=\"mailpoet_hp_email_label\">Bitte dieses Feld leer lassen<input type=\"email\" name=\"data[email]\"\/><\/label><div class=\"mailpoet_paragraph\" >Abonniere meinen Newsletter und bleib immer \u00fcber neue Beitr\u00e4ge auf dem Laufenden.<\/div>\n<div class=\"mailpoet_paragraph\"><label class=\"mailpoet_text_label\" data-automation-id=\"form_first_name_label\" >Vorname <span class=\"mailpoet_required\">*<\/span><\/label><input type=\"text\" class=\"mailpoet_text\" name=\"data[form_field_ZGEwZTFkN2M4MzY1X2ZpcnN0X25hbWU=]\" title=\"Vorname\" value=\"\" data-automation-id=\"form_first_name\" data-parsley-required=\"true\" data-parsley-required-message=\"Dieses Feld wird ben\u00f6tigt.\"\/><\/div>\n<div class=\"mailpoet_paragraph\"><label class=\"mailpoet_text_label\" data-automation-id=\"form_last_name_label\" >Nachname <span class=\"mailpoet_required\">*<\/span><\/label><input type=\"text\" class=\"mailpoet_text\" name=\"data[form_field_MjcyNGUzMzk0Y2Q4X2xhc3RfbmFtZQ==]\" title=\"Nachname\" value=\"\" data-automation-id=\"form_last_name\" data-parsley-required=\"true\" data-parsley-required-message=\"Dieses Feld wird ben\u00f6tigt.\"\/><\/div>\n<div class=\"mailpoet_paragraph\"><label class=\"mailpoet_text_label\" data-automation-id=\"form_email_label\" >E-Mail Adresse <span class=\"mailpoet_required\">*<\/span><\/label><input type=\"email\" class=\"mailpoet_text\" name=\"data[form_field_ZjZlOTg1ZjkwZmUwX2VtYWls]\" title=\"E-Mail Adresse\" value=\"\" data-automation-id=\"form_email\" data-parsley-required=\"true\" data-parsley-minlength=\"6\" data-parsley-maxlength=\"150\" data-parsley-error-message=\"Bitte gib eine g\u00fcltige E-Mail-Adresse ein.\" data-parsley-required-message=\"Dieses Feld wird ben\u00f6tigt.\"\/><\/div>\n<div class=\"mailpoet_paragraph\"><input type=\"submit\" class=\"mailpoet_submit\" value=\"Abonnieren!\" data-automation-id=\"subscribe-submit-button\" style=\"border-color:transparent;\" \/><span class=\"mailpoet_form_loading\"><span class=\"mailpoet_bounce1\"><\/span><span class=\"mailpoet_bounce2\"><\/span><span class=\"mailpoet_bounce3\"><\/span><\/span><\/div>\n\n      <div class=\"mailpoet_message\">\n        <p class=\"mailpoet_validate_success\"\n                style=\"display:none;\"\n                >Pr\u00fcfe deinen Posteingang oder Spam-Ordner, um dein Abonnement zu best\u00e4tigen.\n        <\/p>\n        <p class=\"mailpoet_validate_error\"\n                style=\"display:none;\"\n                >        <\/p>\n      <\/div>\n    <\/form>\n  <\/div>\n\n  \n","protected":false},"excerpt":{"rendered":"","protected":false},"author":2,"featured_media":0,"parent":0,"menu_order":0,"comment_status":"closed","ping_status":"closed","template":"","meta":[],"_links":{"self":[{"href":"https:\/\/travel2.chipmunk.ch\/index.php?rest_route=\/wp\/v2\/pages\/1078"}],"collection":[{"href":"https:\/\/travel2.chipmunk.ch\/index.php?rest_route=\/wp\/v2\/pages"}],"about":[{"href":"https:\/\/travel2.chipmunk.ch\/index.php?rest_route=\/wp\/v2\/types\/page"}],"author":[{"embeddable":true,"href":"https:\/\/travel2.chipmunk.ch\/index.php?rest_route=\/wp\/v2\/users\/2"}],"replies":[{"embeddable":true,"href":"https:\/\/travel2.chipmunk.ch\/index.php?rest_route=%2Fwp%2Fv2%2Fcomments&post=1078"}],"version-history":[{"count":6,"href":"https:\/\/travel2.chipmunk.ch\/index.php?rest_route=\/wp\/v2\/pages\/1078\/revisions"}],"predecessor-version":[{"id":1819,"href":"https:\/\/travel2.chipmunk.ch\/index.php?rest_route=\/wp\/v2\/pages\/1078\/revisions\/1819"}],"wp:attachment":[{"href":"https:\/\/travel2.chipmunk.ch\/index.php?rest_route=%2Fwp%2Fv2%2Fmedia&parent=1078"}],"curies":[{"name":"wp","href":"https:\/\/api.w.org\/{rel}","templated":true}]}}