{"id":16,"date":"2016-07-26T11:13:59","date_gmt":"2016-07-26T11:13:59","guid":{"rendered":"http:\/\/travel.chipmunk.ch\/?page_id=16"},"modified":"2021-01-02T17:51:40","modified_gmt":"2021-01-02T17:51:40","slug":"about-me","status":"publish","type":"page","link":"https:\/\/travel2.chipmunk.ch\/?page_id=16","title":{"rendered":"Get to know me"},"content":{"rendered":"<p>Hallo und herzlich Willkommen auf dem travel.chipmunk-Blog!<\/p>\n<p>Ich, eine junge Reisende mit dem Drang die Welt zu entdecken, m\u00f6chte auf dieser Seite meine Erlebnisse und Eindr\u00fccke mit euch teilen. Diesen Blog habe ich einerseits ins Leben gerufen um f\u00fcr mich selbst eine Art Tagebuch zu f\u00fchren, wo ich auch sp\u00e4ter immer wieder zu meinen Reisen zur\u00fcckkehren kann und gleichzeitig meine Familie und Freunde ein St\u00fcck weit mit auf meine Reise zu nehmen, damit sie mitverfolgen k\u00f6nnen, wo ich gerade bin und was ich so erlebe.<\/p>\n<p>Zudem teile ich hier meine Erfahrungen, die ich w\u00e4hrend meinen Reisen mache und gebe Tipps zu verschiedensten Reisezielen.<\/p>\n<p>Wenn du dich nun hierher verirrt hast und mich bisher nicht kennst, dann freut mich das sehr und ich w\u00fcnsche euch allen viel Spass beim Durchst\u00f6bern der Webseite und bis bald!<\/p>\n<p>Sabrina<\/p>\n","protected":false},"excerpt":{"rendered":"<p>Hallo und herzlich Willkommen auf dem travel.chipmunk-Blog! Ich, eine junge Reisende mit dem Drang die Welt zu entdecken, m\u00f6chte auf dieser Seite meine Erlebnisse und Eindr\u00fccke mit euch teilen. Diesen Blog habe ich einerseits ins Leben gerufen um f\u00fcr mich selbst eine Art Tagebuch zu f\u00fchren, wo ich auch sp\u00e4ter immer wieder zu meinen Reisen &hellip; <\/p>\n","protected":false},"author":2,"featured_media":1985,"parent":0,"menu_order":0,"comment_status":"closed","ping_status":"closed","template":"","meta":[],"_links":{"self":[{"href":"https:\/\/travel2.chipmunk.ch\/index.php?rest_route=\/wp\/v2\/pages\/16"}],"collection":[{"href":"https:\/\/travel2.chipmunk.ch\/index.php?rest_route=\/wp\/v2\/pages"}],"about":[{"href":"https:\/\/travel2.chipmunk.ch\/index.php?rest_route=\/wp\/v2\/types\/page"}],"author":[{"embeddable":true,"href":"https:\/\/travel2.chipmunk.ch\/index.php?rest_route=\/wp\/v2\/users\/2"}],"replies":[{"embeddable":true,"href":"https:\/\/travel2.chipmunk.ch\/index.php?rest_route=%2Fwp%2Fv2%2Fcomments&post=16"}],"version-history":[{"count":9,"href":"https:\/\/travel2.chipmunk.ch\/index.php?rest_route=\/wp\/v2\/pages\/16\/revisions"}],"predecessor-version":[{"id":1818,"href":"https:\/\/travel2.chipmunk.ch\/index.php?rest_route=\/wp\/v2\/pages\/16\/revisions\/1818"}],"wp:featuredmedia":[{"embeddable":true,"href":"https:\/\/travel2.chipmunk.ch\/index.php?rest_route=\/wp\/v2\/media\/1985"}],"wp:attachment":[{"href":"https:\/\/travel2.chipmunk.ch\/index.php?rest_route=%2Fwp%2Fv2%2Fmedia&parent=16"}],"curies":[{"name":"wp","href":"https:\/\/api.w.org\/{rel}","templated":true}]}}