{"id":1923,"date":"2021-01-02T08:33:14","date_gmt":"2021-01-02T08:33:14","guid":{"rendered":"https:\/\/travel2.chipmunk.ch\/?page_id=1923"},"modified":"2021-01-02T17:43:19","modified_gmt":"2021-01-02T17:43:19","slug":"travel-tips","status":"publish","type":"page","link":"https:\/\/travel2.chipmunk.ch\/?page_id=1923","title":{"rendered":"Travel Tips"},"content":{"rendered":"\r\n\t\t<div class=\"bdp-post-grid-main bdp-design-2 bdpgrid-3 bdp-clearfix\">\t\t\t\r\n\t\t\t<div class=\"bdp-post-grid  bdp-medium-4 bdp-columns  bdp-first\">\t\t\r\n\t<div class=\"bdp-post-grid-content \">\r\n\t\t\t\t<div class=\"bdp-post-image-bg\">\r\n\t\t\t<a href=\"https:\/\/travel2.chipmunk.ch\/?p=602\">\r\n\t\t\t\t<img src=\"https:\/\/travel2.chipmunk.ch\/wp-content\/uploads\/2017\/11\/Beitragsbild_Packen.png\" alt=\"How to pack your life in a backpack?\" \/>\r\n\t\t\t<\/a>\r\n\t\t<\/div>\r\n\t\t\t\t<div class=\"bdp-post-margin-content\">\r\n\t\t\t\r\n\t\t\t<h2 class=\"bdp-post-title\">\r\n\t\t\t\t<a href=\"https:\/\/travel2.chipmunk.ch\/?p=602\">How to pack your life in a backpack?<\/a>\r\n\t\t\t<\/h2>\r\n\r\n\t\t\t\t\t\t\t<div class=\"bdp-post-meta\">\r\n\t\t\t\t\t\t\t\t\t\t\t\t\t\t\t\t\t\t\t\t\t<span class=\"bdp-post-meta-innr bdp-time\"> 9. November 2017 <\/span>\r\n\t\t\t\t\t\t\t\t\t\t\t\t\t\t\t\t\t\t\t<\/div>\r\n\t\t\t\t\t\t\t<div class=\"bdp-post-content\">\r\n\t\t\t\t\t<div class=\"bdp-post-short-content\">Wie packt man sein Leben in einen einzigen Rucksack? Was soll man einpacken, wenn man f\u00fcr ein ganzes Jahr ins...<\/div>\r\n\t\t\t\t\t\t\t\t\t\t\t<a href=\"https:\/\/travel2.chipmunk.ch\/?p=602\" class=\"bdp-readmorebtn\">Weiterlesen<\/a>\r\n\t\t\t\t\t\t\t\t\t<\/div>\r\n\t\t\t\t\t<\/div>\r\n\t<\/div>\r\n<\/div><div class=\"bdp-post-grid  bdp-medium-4 bdp-columns \">\t\t\r\n\t<div class=\"bdp-post-grid-content \">\r\n\t\t\t\t<div class=\"bdp-post-image-bg\">\r\n\t\t\t<a href=\"https:\/\/travel2.chipmunk.ch\/?p=557\">\r\n\t\t\t\t<img src=\"https:\/\/travel2.chipmunk.ch\/wp-content\/uploads\/2017\/09\/5Tipps_kuerzereWartezeit.png\" alt=\"5 Tipps, wie du dir die Zeit bis zur Reise verk\u00fcrzt\" \/>\r\n\t\t\t<\/a>\r\n\t\t<\/div>\r\n\t\t\t\t<div class=\"bdp-post-margin-content\">\r\n\t\t\t\r\n\t\t\t<h2 class=\"bdp-post-title\">\r\n\t\t\t\t<a href=\"https:\/\/travel2.chipmunk.ch\/?p=557\">5 Tipps, wie du dir die Zeit bis zur Reise verk\u00fcrzt<\/a>\r\n\t\t\t<\/h2>\r\n\r\n\t\t\t\t\t\t\t<div class=\"bdp-post-meta\">\r\n\t\t\t\t\t\t\t\t\t\t\t\t\t\t\t\t\t\t\t\t\t<span class=\"bdp-post-meta-innr bdp-time\"> 21. September 2017 <\/span>\r\n\t\t\t\t\t\t\t\t\t\t\t\t\t\t\t\t\t\t\t<\/div>\r\n\t\t\t\t\t\t\t<div class=\"bdp-post-content\">\r\n\t\t\t\t\t<div class=\"bdp-post-short-content\">Wenn die Reise erstmal gebucht ist, heisst es bis es endlich losgehen kann meistens Abwarten und Tee trinken. Besser ist...<\/div>\r\n\t\t\t\t\t\t\t\t\t\t\t<a href=\"https:\/\/travel2.chipmunk.ch\/?p=557\" class=\"bdp-readmorebtn\">Weiterlesen<\/a>\r\n\t\t\t\t\t\t\t\t\t<\/div>\r\n\t\t\t\t\t<\/div>\r\n\t<\/div>\r\n<\/div><div class=\"bdp-post-grid  bdp-medium-4 bdp-columns \">\t\t\r\n\t<div class=\"bdp-post-grid-content \">\r\n\t\t\t\t<div class=\"bdp-post-image-bg\">\r\n\t\t\t<a href=\"https:\/\/travel2.chipmunk.ch\/?p=481\">\r\n\t\t\t\t<img src=\"https:\/\/travel2.chipmunk.ch\/wp-content\/uploads\/2017\/09\/Visumsbestimmungen.png\" alt=\"Visumsbestimmungen\" \/>\r\n\t\t\t<\/a>\r\n\t\t<\/div>\r\n\t\t\t\t<div class=\"bdp-post-margin-content\">\r\n\t\t\t\r\n\t\t\t<h2 class=\"bdp-post-title\">\r\n\t\t\t\t<a href=\"https:\/\/travel2.chipmunk.ch\/?p=481\">Visumsbestimmungen<\/a>\r\n\t\t\t<\/h2>\r\n\r\n\t\t\t\t\t\t\t<div class=\"bdp-post-meta\">\r\n\t\t\t\t\t\t\t\t\t\t\t\t\t\t\t\t\t\t\t\t\t<span class=\"bdp-post-meta-innr bdp-time\"> 8. September 2017 <\/span>\r\n\t\t\t\t\t\t\t\t\t\t\t\t\t\t\t\t\t\t\t<\/div>\r\n\t\t\t\t\t\t\t<div class=\"bdp-post-content\">\r\n\t\t\t\t\t<div class=\"bdp-post-short-content\">Wenn man von der Schweiz aus l\u00e4ngere Zeit in Neuseeland leben m\u00f6chte, dann hat man verschiedene Visums-M\u00f6glichkeiten, die einem zur...<\/div>\r\n\t\t\t\t\t\t\t\t\t\t\t<a href=\"https:\/\/travel2.chipmunk.ch\/?p=481\" class=\"bdp-readmorebtn\">Weiterlesen<\/a>\r\n\t\t\t\t\t\t\t\t\t<\/div>\r\n\t\t\t\t\t<\/div>\r\n\t<\/div>\r\n<\/div>\t\t<\/div>\r\n\r\n\t\t\n","protected":false},"excerpt":{"rendered":"","protected":false},"author":2,"featured_media":1981,"parent":0,"menu_order":0,"comment_status":"closed","ping_status":"closed","template":"","meta":[],"_links":{"self":[{"href":"https:\/\/travel2.chipmunk.ch\/index.php?rest_route=\/wp\/v2\/pages\/1923"}],"collection":[{"href":"https:\/\/travel2.chipmunk.ch\/index.php?rest_route=\/wp\/v2\/pages"}],"about":[{"href":"https:\/\/travel2.chipmunk.ch\/index.php?rest_route=\/wp\/v2\/types\/page"}],"author":[{"embeddable":true,"href":"https:\/\/travel2.chipmunk.ch\/index.php?rest_route=\/wp\/v2\/users\/2"}],"replies":[{"embeddable":true,"href":"https:\/\/travel2.chipmunk.ch\/index.php?rest_route=%2Fwp%2Fv2%2Fcomments&post=1923"}],"version-history":[{"count":1,"href":"https:\/\/travel2.chipmunk.ch\/index.php?rest_route=\/wp\/v2\/pages\/1923\/revisions"}],"predecessor-version":[{"id":1924,"href":"https:\/\/travel2.chipmunk.ch\/index.php?rest_route=\/wp\/v2\/pages\/1923\/revisions\/1924"}],"wp:featuredmedia":[{"embeddable":true,"href":"https:\/\/travel2.chipmunk.ch\/index.php?rest_route=\/wp\/v2\/media\/1981"}],"wp:attachment":[{"href":"https:\/\/travel2.chipmunk.ch\/index.php?rest_route=%2Fwp%2Fv2%2Fmedia&parent=1923"}],"curies":[{"name":"wp","href":"https:\/\/api.w.org\/{rel}","templated":true}]}}